{"id":953,"date":"2025-04-09T14:47:20","date_gmt":"2025-04-09T12:47:20","guid":{"rendered":"http:\/\/knoespele.com\/agricoltura\/"},"modified":"2026-03-24T10:39:49","modified_gmt":"2026-03-24T09:39:49","slug":"agricoltura","status":"publish","type":"page","link":"https:\/\/knoespele.com\/it\/agricoltura\/","title":{"rendered":"Agricoltura"},"content":{"rendered":"\t\t<div data-elementor-type=\"wp-page\" data-elementor-id=\"953\" class=\"elementor elementor-953 elementor-595\" data-elementor-post-type=\"page\">\n\t\t\t\t<div class=\"elementor-element elementor-element-505bdc8 e-con-full wrapper e-flex e-con e-parent\" data-id=\"505bdc8\" data-element_type=\"container\" data-e-type=\"container\">\n\t\t<section class=\"elementor-element elementor-element-a57f835 e-con-full container entrance e-flex e-con e-child\" data-id=\"a57f835\" data-element_type=\"container\" data-e-type=\"container\">\n\t\t\t\t<div class=\"elementor-element elementor-element-5bdb509 entrances-slide elementor-widget elementor-widget-image-carousel\" data-id=\"5bdb509\" data-element_type=\"widget\" data-e-type=\"widget\" data-settings=\"{&quot;slides_to_show&quot;:&quot;1&quot;,&quot;navigation&quot;:&quot;none&quot;,&quot;autoplay&quot;:&quot;yes&quot;,&quot;pause_on_hover&quot;:&quot;yes&quot;,&quot;pause_on_interaction&quot;:&quot;yes&quot;,&quot;autoplay_speed&quot;:5000,&quot;infinite&quot;:&quot;yes&quot;,&quot;effect&quot;:&quot;slide&quot;,&quot;speed&quot;:500}\" data-widget_type=\"image-carousel.default\">\n\t\t\t\t<div class=\"elementor-widget-container\">\n\t\t\t\t\t\t\t<div class=\"elementor-image-carousel-wrapper swiper\" role=\"region\" aria-roledescription=\"carousel\" aria-label=\"Bild Karussell\" dir=\"ltr\">\n\t\t\t<div class=\"elementor-image-carousel swiper-wrapper swiper-image-stretch\" aria-live=\"off\">\n\t\t\t\t\t\t\t\t<div class=\"swiper-slide\" role=\"group\" aria-roledescription=\"slide\" aria-label=\"1 di 3\"><figure class=\"swiper-slide-inner\"><img decoding=\"async\" class=\"swiper-slide-image\" src=\"https:\/\/knoespele.com\/wp-content\/uploads\/2026\/03\/weinberg-02-1.jpg\" alt=\"weinberg-02\" \/><\/figure><\/div><div class=\"swiper-slide\" role=\"group\" aria-roledescription=\"slide\" aria-label=\"2 di 3\"><figure class=\"swiper-slide-inner\"><img decoding=\"async\" class=\"swiper-slide-image\" src=\"https:\/\/knoespele.com\/wp-content\/uploads\/2026\/03\/ausblick-07.jpg\" alt=\"ausblick-07\" \/><\/figure><\/div><div class=\"swiper-slide\" role=\"group\" aria-roledescription=\"slide\" aria-label=\"3 di 3\"><figure class=\"swiper-slide-inner\"><img decoding=\"async\" class=\"swiper-slide-image\" src=\"https:\/\/knoespele.com\/wp-content\/uploads\/2026\/03\/produkte-07.jpg\" alt=\"produkte-07\" \/><\/figure><\/div>\t\t\t<\/div>\n\t\t\t\t\t\t\t\n\t\t\t\t\t\t\t\t\t<\/div>\n\t\t\t\t\t\t<\/div>\n\t\t\t\t<\/div>\n\t\t\t\t<\/section>\n\t\t<section class=\"elementor-element elementor-element-a94c3b1 e-con-full container e-flex e-con e-child\" data-id=\"a94c3b1\" data-element_type=\"container\" data-e-type=\"container\">\n\t\t<div class=\"elementor-element elementor-element-66de9d9 e-con-full container-i p-b-l p-b-2-l p-i-l  e-flex e-con e-child\" data-id=\"66de9d9\" data-element_type=\"container\" data-e-type=\"container\">\n\t\t\t\t<div class=\"elementor-element elementor-element-d66bbc2 elementor-widget elementor-widget-heading\" data-id=\"d66bbc2\" data-element_type=\"widget\" data-e-type=\"widget\" data-widget_type=\"heading.default\">\n\t\t\t\t<div class=\"elementor-widget-container\">\n\t\t\t\t\t<h1 class=\"elementor-heading-title elementor-size-default\">La nostra agricoltura<\/h1>\t\t\t\t<\/div>\n\t\t\t\t<\/div>\n\t\t\t\t<div class=\"elementor-element elementor-element-fcde7c0 size-3 spacing elementor-widget elementor-widget-heading\" data-id=\"fcde7c0\" data-element_type=\"widget\" data-e-type=\"widget\" data-widget_type=\"heading.default\">\n\t\t\t\t<div class=\"elementor-widget-container\">\n\t\t\t\t\t<h2 class=\"elementor-heading-title elementor-size-default\">agricola in Alto Adige <\/h2>\t\t\t\t<\/div>\n\t\t\t\t<\/div>\n\t\t\t\t<div class=\"elementor-element elementor-element-62e3e4f custom-txt-w elementor-widget elementor-widget-text-editor\" data-id=\"62e3e4f\" data-element_type=\"widget\" data-e-type=\"widget\" data-widget_type=\"text-editor.default\">\n\t\t\t\t<div class=\"elementor-widget-container\">\n\t\t\t\t\t\t\t\t\t<p>Nei soleggiati frutteti e vigneti della nostra tenuta crescono uva, albicocche, mele, ciliegie, pere e frutti di bosco di altissima qualit\u00e0. Martin e Michael li raccolgono solo quando sono maturi e hanno sviluppato appieno il loro potenziale aromatico. \u00c8 cos\u00ec che, durante la distillazione, riescono ad esaltare e conservare gli aromi tipici di ogni variet\u00e0.<\/p><p>\u00a0<\/p><p>Offriamo ai nostri ospiti frutta e verdura fresca di nostra produzione, a seconda della stagione e della disponibilit\u00e0. I prodotti provengono direttamente dalla nostra azienda agricola e vengono coltivati con grande cura.<\/p><p>Se siete interessati, vi preghiamo di comunicarcelo con un breve preavviso, in modo da poter preparare tutto per tempo.<\/p>\t\t\t\t\t\t\t\t<\/div>\n\t\t\t\t<\/div>\n\t\t\t\t<\/div>\n\t\t\t\t<\/section>\n\t\t<section class=\"elementor-element elementor-element-57a6811 e-con-full container p-bt-s bg-clr-300 e-flex e-con e-child\" data-id=\"57a6811\" data-element_type=\"container\" data-e-type=\"container\" data-settings=\"{&quot;background_background&quot;:&quot;classic&quot;}\">\n\t\t\t\t<div class=\"elementor-element elementor-element-e1daf5c elementor-absolute elementor-widget elementor-widget-image\" data-id=\"e1daf5c\" data-element_type=\"widget\" data-e-type=\"widget\" data-settings=\"{&quot;_position&quot;:&quot;absolute&quot;}\" data-widget_type=\"image.default\">\n\t\t\t\t<div class=\"elementor-widget-container\">\n\t\t\t\t\t\t\t\t\t\t\t\t\t\t\t<img fetchpriority=\"high\" decoding=\"async\" width=\"570\" height=\"389\" src=\"https:\/\/knoespele.com\/wp-content\/uploads\/2025\/04\/Gruppe-2361.svg\" class=\"attachment-full size-full wp-image-708\" alt=\"\" \/>\t\t\t\t\t\t\t\t\t\t\t\t\t\t\t<\/div>\n\t\t\t\t<\/div>\n\t\t<div class=\"elementor-element elementor-element-d00ced9 e-con-full e-flex e-con e-child\" data-id=\"d00ced9\" data-element_type=\"container\" data-e-type=\"container\">\n\t\t\t\t<div class=\"elementor-element elementor-element-0c37ba5 custom-carousell-slider custom-carousell-slider-3 elementor-widget elementor-widget-n-carousel\" data-id=\"0c37ba5\" data-element_type=\"widget\" data-e-type=\"widget\" data-settings=\"{&quot;carousel_items&quot;:[{&quot;slide_title&quot;:&quot;Slide #1&quot;,&quot;_id&quot;:&quot;6d7b487&quot;}],&quot;slides_to_show&quot;:&quot;1&quot;,&quot;offset_sides&quot;:&quot;right&quot;,&quot;offset_width&quot;:{&quot;unit&quot;:&quot;px&quot;,&quot;size&quot;:&quot;&quot;,&quot;sizes&quot;:[]},&quot;image_spacing_custom&quot;:{&quot;unit&quot;:&quot;px&quot;,&quot;size&quot;:16,&quot;sizes&quot;:[]},&quot;slides_to_show_tablet&quot;:&quot;2&quot;,&quot;slides_to_show_mobile&quot;:&quot;1&quot;,&quot;autoplay&quot;:&quot;yes&quot;,&quot;autoplay_speed&quot;:5000,&quot;pause_on_hover&quot;:&quot;yes&quot;,&quot;pause_on_interaction&quot;:&quot;yes&quot;,&quot;infinite&quot;:&quot;yes&quot;,&quot;speed&quot;:500,&quot;offset_width_widescreen&quot;:{&quot;unit&quot;:&quot;px&quot;,&quot;size&quot;:&quot;&quot;,&quot;sizes&quot;:[]},&quot;offset_width_laptop&quot;:{&quot;unit&quot;:&quot;px&quot;,&quot;size&quot;:&quot;&quot;,&quot;sizes&quot;:[]},&quot;offset_width_tablet_extra&quot;:{&quot;unit&quot;:&quot;px&quot;,&quot;size&quot;:&quot;&quot;,&quot;sizes&quot;:[]},&quot;offset_width_tablet&quot;:{&quot;unit&quot;:&quot;px&quot;,&quot;size&quot;:&quot;&quot;,&quot;sizes&quot;:[]},&quot;offset_width_mobile_extra&quot;:{&quot;unit&quot;:&quot;px&quot;,&quot;size&quot;:&quot;&quot;,&quot;sizes&quot;:[]},&quot;offset_width_mobile&quot;:{&quot;unit&quot;:&quot;px&quot;,&quot;size&quot;:&quot;&quot;,&quot;sizes&quot;:[]},&quot;image_spacing_custom_widescreen&quot;:{&quot;unit&quot;:&quot;px&quot;,&quot;size&quot;:&quot;&quot;,&quot;sizes&quot;:[]},&quot;image_spacing_custom_laptop&quot;:{&quot;unit&quot;:&quot;px&quot;,&quot;size&quot;:&quot;&quot;,&quot;sizes&quot;:[]},&quot;image_spacing_custom_tablet_extra&quot;:{&quot;unit&quot;:&quot;px&quot;,&quot;size&quot;:&quot;&quot;,&quot;sizes&quot;:[]},&quot;image_spacing_custom_tablet&quot;:{&quot;unit&quot;:&quot;px&quot;,&quot;size&quot;:&quot;&quot;,&quot;sizes&quot;:[]},&quot;image_spacing_custom_mobile_extra&quot;:{&quot;unit&quot;:&quot;px&quot;,&quot;size&quot;:&quot;&quot;,&quot;sizes&quot;:[]},&quot;image_spacing_custom_mobile&quot;:{&quot;unit&quot;:&quot;px&quot;,&quot;size&quot;:&quot;&quot;,&quot;sizes&quot;:[]}}\" data-widget_type=\"nested-carousel.default\">\n\t\t\t\t<div class=\"elementor-widget-container\">\n\t\t\t\t\t\t\t<div class=\"e-n-carousel swiper\" role=\"region\" aria-roledescription=\"carousel\" aria-label=\"Karussell\" dir=\"ltr\">\n\t\t\t<div class=\"swiper-wrapper\" aria-live=\"off\">\n\t\t\t\t\t\t\t\t\t\t<div class=\"swiper-slide\" data-slide=\"1\" role=\"group\" aria-roledescription=\"slide\" aria-label=\"1 di 1\">\n\t\t\t\t\t\t\t<div class=\"elementor-element elementor-element-d3cb181 e-con-full e-flex e-con e-child\" data-id=\"d3cb181\" data-element_type=\"container\" data-e-type=\"container\">\n\t\t<div class=\"elementor-element elementor-element-dfd6740 e-con-full bg-clr-white e-flex e-con e-child\" data-id=\"dfd6740\" data-element_type=\"container\" data-e-type=\"container\">\n\t\t\t\t<div class=\"elementor-element elementor-element-a521355 elementor-widget elementor-widget-image\" data-id=\"a521355\" data-element_type=\"widget\" data-e-type=\"widget\" data-widget_type=\"image.default\">\n\t\t\t\t<div class=\"elementor-widget-container\">\n\t\t\t\t\t\t\t\t\t\t\t\t\t\t\t<img decoding=\"async\" width=\"767\" height=\"767\" src=\"https:\/\/knoespele.com\/wp-content\/uploads\/2025\/04\/IDM-Cobe-34-\u00a9ArminHuber_HQ-1309.png\" class=\"attachment-full size-full wp-image-726\" alt=\"\" srcset=\"https:\/\/knoespele.com\/wp-content\/uploads\/2025\/04\/IDM-Cobe-34-\u00a9ArminHuber_HQ-1309.png 767w, https:\/\/knoespele.com\/wp-content\/uploads\/2025\/04\/IDM-Cobe-34-\u00a9ArminHuber_HQ-1309-300x300.png 300w, https:\/\/knoespele.com\/wp-content\/uploads\/2025\/04\/IDM-Cobe-34-\u00a9ArminHuber_HQ-1309-150x150.png 150w\" sizes=\"(max-width: 767px) 100vw, 767px\" \/>\t\t\t\t\t\t\t\t\t\t\t\t\t\t\t<\/div>\n\t\t\t\t<\/div>\n\t\t\t\t<\/div>\n\t\t\t\t<\/div>\n\t\t\t\t\t\t\t\t<\/div>\n\t\t\t\t\t\t\t\t<\/div>\n\t\t<\/div>\n\t\t\t\t\t\t<\/div>\n\t\t\t\t<\/div>\n\t\t\t\t<\/div>\n\t\t\t\t<\/section>\n\t\t\t\t<\/div>\n\t\t\t\t<\/div>\n\t\t","protected":false},"excerpt":{"rendered":"<p>La nostra agricoltura agricola in Alto Adige Nei soleggiati frutteti e vigneti della nostra tenuta crescono uva, albicocche, mele, ciliegie, pere e frutti di bosco di altissima qualit\u00e0. Martin e Michael li raccolgono solo quando sono maturi e hanno sviluppato appieno il loro potenziale aromatico. \u00c8 cos\u00ec che, durante la distillazione, riescono ad esaltare e [&hellip;]<\/p>\n","protected":false},"author":1,"featured_media":0,"parent":0,"menu_order":0,"comment_status":"closed","ping_status":"closed","template":"","meta":{"_acf_changed":false,"footnotes":""},"class_list":["post-953","page","type-page","status-publish","hentry"],"acf":[],"yoast_head":"<!-- This site is optimized with the Yoast SEO plugin v27.0 - https:\/\/yoast.com\/product\/yoast-seo-wordpress\/ -->\n<title>Agricoltura in Alto Adige: dal campo al bicchiere<\/title>\n<meta name=\"description\" content=\"Il puro gusto della frutta maturata al sole. Scopri la nostra gamma di prodotti: distillati, vini e succhi di produzione artigianale. Scopri le nostre grappe pregiate!\" \/>\n<meta name=\"robots\" content=\"index, follow, max-snippet:-1, max-image-preview:large, max-video-preview:-1\" \/>\n<link rel=\"canonical\" href=\"https:\/\/knoespele.com\/it\/agricoltura\/\" \/>\n<meta property=\"og:locale\" content=\"it_IT\" \/>\n<meta property=\"og:type\" content=\"article\" \/>\n<meta property=\"og:title\" content=\"Agricoltura in Alto Adige: dal campo al bicchiere\" \/>\n<meta property=\"og:description\" content=\"Il puro gusto della frutta maturata al sole. Scopri la nostra gamma di prodotti: distillati, vini e succhi di produzione artigianale. Scopri le nostre grappe pregiate!\" \/>\n<meta property=\"og:url\" content=\"https:\/\/knoespele.com\/it\/agricoltura\/\" \/>\n<meta property=\"og:site_name\" content=\"Knoespele\" \/>\n<meta property=\"article:modified_time\" content=\"2026-03-24T09:39:49+00:00\" \/>\n<meta property=\"og:image\" content=\"https:\/\/knoespele.com\/wp-content\/uploads\/2026\/03\/weinberg-02-1.jpg\" \/>\n<meta name=\"twitter:card\" content=\"summary_large_image\" \/>\n<meta name=\"twitter:label1\" content=\"Tempo di lettura stimato\" \/>\n\t<meta name=\"twitter:data1\" content=\"3 minuti\" \/>\n<script type=\"application\/ld+json\" class=\"yoast-schema-graph\">{\"@context\":\"https:\/\/schema.org\",\"@graph\":[{\"@type\":\"WebPage\",\"@id\":\"https:\/\/knoespele.com\/it\/agricoltura\/\",\"url\":\"https:\/\/knoespele.com\/it\/agricoltura\/\",\"name\":\"Agricoltura in Alto Adige: dal campo al bicchiere\",\"isPartOf\":{\"@id\":\"https:\/\/knoespele.com\/it\/#website\"},\"primaryImageOfPage\":{\"@id\":\"https:\/\/knoespele.com\/it\/agricoltura\/#primaryimage\"},\"image\":{\"@id\":\"https:\/\/knoespele.com\/it\/agricoltura\/#primaryimage\"},\"thumbnailUrl\":\"https:\/\/knoespele.com\/wp-content\/uploads\/2026\/03\/weinberg-02-1.jpg\",\"datePublished\":\"2025-04-09T12:47:20+00:00\",\"dateModified\":\"2026-03-24T09:39:49+00:00\",\"description\":\"Il puro gusto della frutta maturata al sole. Scopri la nostra gamma di prodotti: distillati, vini e succhi di produzione artigianale. Scopri le nostre grappe pregiate!\",\"breadcrumb\":{\"@id\":\"https:\/\/knoespele.com\/it\/agricoltura\/#breadcrumb\"},\"inLanguage\":\"it-IT\",\"potentialAction\":[{\"@type\":\"ReadAction\",\"target\":[\"https:\/\/knoespele.com\/it\/agricoltura\/\"]}]},{\"@type\":\"ImageObject\",\"inLanguage\":\"it-IT\",\"@id\":\"https:\/\/knoespele.com\/it\/agricoltura\/#primaryimage\",\"url\":\"https:\/\/knoespele.com\/wp-content\/uploads\/2026\/03\/weinberg-02-1.jpg\",\"contentUrl\":\"https:\/\/knoespele.com\/wp-content\/uploads\/2026\/03\/weinberg-02-1.jpg\"},{\"@type\":\"BreadcrumbList\",\"@id\":\"https:\/\/knoespele.com\/it\/agricoltura\/#breadcrumb\",\"itemListElement\":[{\"@type\":\"ListItem\",\"position\":1,\"name\":\"Startseite\",\"item\":\"https:\/\/knoespele.com\/it\/\"},{\"@type\":\"ListItem\",\"position\":2,\"name\":\"Agricoltura\"}]},{\"@type\":\"WebSite\",\"@id\":\"https:\/\/knoespele.com\/it\/#website\",\"url\":\"https:\/\/knoespele.com\/it\/\",\"name\":\"Knoespele\",\"description\":\"\",\"publisher\":{\"@id\":\"https:\/\/knoespele.com\/it\/#organization\"},\"potentialAction\":[{\"@type\":\"SearchAction\",\"target\":{\"@type\":\"EntryPoint\",\"urlTemplate\":\"https:\/\/knoespele.com\/it\/?s={search_term_string}\"},\"query-input\":{\"@type\":\"PropertyValueSpecification\",\"valueRequired\":true,\"valueName\":\"search_term_string\"}}],\"inLanguage\":\"it-IT\"},{\"@type\":\"Organization\",\"@id\":\"https:\/\/knoespele.com\/it\/#organization\",\"name\":\"Knoespele\",\"url\":\"https:\/\/knoespele.com\/it\/\",\"logo\":{\"@type\":\"ImageObject\",\"inLanguage\":\"it-IT\",\"@id\":\"https:\/\/knoespele.com\/it\/#\/schema\/logo\/image\/\",\"url\":\"https:\/\/knoespele.com\/wp-content\/uploads\/2025\/04\/Knoespele.svg\",\"contentUrl\":\"https:\/\/knoespele.com\/wp-content\/uploads\/2025\/04\/Knoespele.svg\",\"width\":286,\"height\":79,\"caption\":\"Knoespele\"},\"image\":{\"@id\":\"https:\/\/knoespele.com\/it\/#\/schema\/logo\/image\/\"}}]}<\/script>\n<!-- \/ Yoast SEO plugin. -->","yoast_head_json":{"title":"Agricoltura in Alto Adige: dal campo al bicchiere","description":"Il puro gusto della frutta maturata al sole. Scopri la nostra gamma di prodotti: distillati, vini e succhi di produzione artigianale. Scopri le nostre grappe pregiate!","robots":{"index":"index","follow":"follow","max-snippet":"max-snippet:-1","max-image-preview":"max-image-preview:large","max-video-preview":"max-video-preview:-1"},"canonical":"https:\/\/knoespele.com\/it\/agricoltura\/","og_locale":"it_IT","og_type":"article","og_title":"Agricoltura in Alto Adige: dal campo al bicchiere","og_description":"Il puro gusto della frutta maturata al sole. Scopri la nostra gamma di prodotti: distillati, vini e succhi di produzione artigianale. Scopri le nostre grappe pregiate!","og_url":"https:\/\/knoespele.com\/it\/agricoltura\/","og_site_name":"Knoespele","article_modified_time":"2026-03-24T09:39:49+00:00","og_image":[{"url":"https:\/\/knoespele.com\/wp-content\/uploads\/2026\/03\/weinberg-02-1.jpg","type":"","width":"","height":""}],"twitter_card":"summary_large_image","twitter_misc":{"Tempo di lettura stimato":"3 minuti"},"schema":{"@context":"https:\/\/schema.org","@graph":[{"@type":"WebPage","@id":"https:\/\/knoespele.com\/it\/agricoltura\/","url":"https:\/\/knoespele.com\/it\/agricoltura\/","name":"Agricoltura in Alto Adige: dal campo al bicchiere","isPartOf":{"@id":"https:\/\/knoespele.com\/it\/#website"},"primaryImageOfPage":{"@id":"https:\/\/knoespele.com\/it\/agricoltura\/#primaryimage"},"image":{"@id":"https:\/\/knoespele.com\/it\/agricoltura\/#primaryimage"},"thumbnailUrl":"https:\/\/knoespele.com\/wp-content\/uploads\/2026\/03\/weinberg-02-1.jpg","datePublished":"2025-04-09T12:47:20+00:00","dateModified":"2026-03-24T09:39:49+00:00","description":"Il puro gusto della frutta maturata al sole. Scopri la nostra gamma di prodotti: distillati, vini e succhi di produzione artigianale. Scopri le nostre grappe pregiate!","breadcrumb":{"@id":"https:\/\/knoespele.com\/it\/agricoltura\/#breadcrumb"},"inLanguage":"it-IT","potentialAction":[{"@type":"ReadAction","target":["https:\/\/knoespele.com\/it\/agricoltura\/"]}]},{"@type":"ImageObject","inLanguage":"it-IT","@id":"https:\/\/knoespele.com\/it\/agricoltura\/#primaryimage","url":"https:\/\/knoespele.com\/wp-content\/uploads\/2026\/03\/weinberg-02-1.jpg","contentUrl":"https:\/\/knoespele.com\/wp-content\/uploads\/2026\/03\/weinberg-02-1.jpg"},{"@type":"BreadcrumbList","@id":"https:\/\/knoespele.com\/it\/agricoltura\/#breadcrumb","itemListElement":[{"@type":"ListItem","position":1,"name":"Startseite","item":"https:\/\/knoespele.com\/it\/"},{"@type":"ListItem","position":2,"name":"Agricoltura"}]},{"@type":"WebSite","@id":"https:\/\/knoespele.com\/it\/#website","url":"https:\/\/knoespele.com\/it\/","name":"Knoespele","description":"","publisher":{"@id":"https:\/\/knoespele.com\/it\/#organization"},"potentialAction":[{"@type":"SearchAction","target":{"@type":"EntryPoint","urlTemplate":"https:\/\/knoespele.com\/it\/?s={search_term_string}"},"query-input":{"@type":"PropertyValueSpecification","valueRequired":true,"valueName":"search_term_string"}}],"inLanguage":"it-IT"},{"@type":"Organization","@id":"https:\/\/knoespele.com\/it\/#organization","name":"Knoespele","url":"https:\/\/knoespele.com\/it\/","logo":{"@type":"ImageObject","inLanguage":"it-IT","@id":"https:\/\/knoespele.com\/it\/#\/schema\/logo\/image\/","url":"https:\/\/knoespele.com\/wp-content\/uploads\/2025\/04\/Knoespele.svg","contentUrl":"https:\/\/knoespele.com\/wp-content\/uploads\/2025\/04\/Knoespele.svg","width":286,"height":79,"caption":"Knoespele"},"image":{"@id":"https:\/\/knoespele.com\/it\/#\/schema\/logo\/image\/"}}]}},"_links":{"self":[{"href":"https:\/\/knoespele.com\/it\/wp-json\/wp\/v2\/pages\/953","targetHints":{"allow":["GET"]}}],"collection":[{"href":"https:\/\/knoespele.com\/it\/wp-json\/wp\/v2\/pages"}],"about":[{"href":"https:\/\/knoespele.com\/it\/wp-json\/wp\/v2\/types\/page"}],"author":[{"embeddable":true,"href":"https:\/\/knoespele.com\/it\/wp-json\/wp\/v2\/users\/1"}],"replies":[{"embeddable":true,"href":"https:\/\/knoespele.com\/it\/wp-json\/wp\/v2\/comments?post=953"}],"version-history":[{"count":9,"href":"https:\/\/knoespele.com\/it\/wp-json\/wp\/v2\/pages\/953\/revisions"}],"predecessor-version":[{"id":2389,"href":"https:\/\/knoespele.com\/it\/wp-json\/wp\/v2\/pages\/953\/revisions\/2389"}],"wp:attachment":[{"href":"https:\/\/knoespele.com\/it\/wp-json\/wp\/v2\/media?parent=953"}],"curies":[{"name":"wp","href":"https:\/\/api.w.org\/{rel}","templated":true}]}}